{"id":82,"date":"2024-12-21T13:14:48","date_gmt":"2024-12-21T12:14:48","guid":{"rendered":"https:\/\/los-odpowiedzialni-spolecznie.pl\/?page_id=82"},"modified":"2024-12-28T13:07:14","modified_gmt":"2024-12-28T12:07:14","slug":"regulamin","status":"publish","type":"page","link":"https:\/\/los-odpowiedzialni-spolecznie.pl\/en\/regulamin\/","title":{"rendered":"Regulamin"},"content":{"rendered":"<p>Sklep internetowy ekonamaksa, dzia\u0142aj\u0105cy pod adresem https:\/\/los-odpowiedzialni-spolecznie.pl\/ prowadzony jest przez:\u00a0EKO NA MAKSA Sp z o.o. ul. Miodowa 10, 96-332 Bartniki, NIP:8381881590, REGON: 525555214, KRS: 0001041492<\/p>\n<p><b>S\u0142owniczek:<\/b><\/p>\n<p><b>Sklep\u00a0<\/b>\u2013 prowadzony sklep internetowy dzia\u0142aj\u0105cy pod adresem rower-elektryczny.eu\u00a0sprzedaj\u0105cy towary za po\u015brednictwem Internetu;<br \/>\n<b>Dni robocze<\/b>\u00a0\u2013 wszystkie dni tygodnia od poniedzia\u0142ku do pi\u0105tku,<br \/>\n<b>Czas realizacji zam\u00f3wienia<\/b>\u00a0\u2013 czas, w jakim Sklep skompletuje zam\u00f3wienie i przeka\u017ce je przewo\u017anikowi realizuj\u0105cemu wybran\u0105 przez Klienta form\u0119 dostawy;<br \/>\n<b>Klient\u00a0<\/b>\u2013 osoba fizyczna dokonuj\u0105ca zakup\u00f3w w Sklepie,<br \/>\n<b>Konsultant\u00a0<\/b>\u2013 osoba obs\u0142uguj\u0105ca Klienta;<br \/>\n<b>Konto Klienta<\/b>\u00a0\u2013 baza zawieraj\u0105ca dane Klienta s\u0142u\u017c\u0105ce do realizacji sk\u0142adanych zam\u00f3wie\u0144, histori\u0119 zam\u00f3wie\u0144, preferencje klienta dotycz\u0105ce wybranych funkcjonalno\u015bci sklepu, dane dotycz\u0105ce wp\u0142at i nadp\u0142at z tytu\u0142u zam\u00f3wie\u0144;<br \/>\n<i><u>P<\/u><\/i><u>rzelew tradycyjny<\/u>\u00a0\u2013 p\u0142atno\u015b\u0107 wykonywana przez Klienta w banku poprzez konto internetowe lub stacjonarne lub na poczcie;<br \/>\n<u>P<\/u><u>rzelew elektroniczny<\/u>\u00a0\u2013 p\u0142atno\u015b\u0107 wykonywana przez Klienta z konta bankowego on-line, za po\u015brednictwem system\u00f3w p\u0142atno\u015bci on-line\u00a0<b>przelewy24<\/b>;<\/p>\n<h6><b>PRZYJMOWANIE I REALIZACJA ZAM\u00d3WIE\u0143.<\/b><\/h6>\n<p>1. Sklep prowadzi sprzeda\u017c towar\u00f3w i us\u0142ug na terytorium Polski, za po\u015brednictwem sieci Internet. Informacje o towarach i us\u0142ugach Sklep zamieszcza na stronie https:\/\/los-odpowiedzialni-spolecznie.pl\/<\/p>\n<p>2. Klientem Sklepu mo\u017ce by\u0107 osoba fizyczna posiadaj\u0105ca pe\u0142n\u0105 lub ograniczon\u0105 zdolno\u015b\u0107 do czynno\u015bci prawnych oraz osoba prawna lub jednostka organizacyjna nie posiadaj\u0105ca osobowo\u015bci prawnej.<\/p>\n<p>3. Zam\u00f3wienia od Klient\u00f3w s\u0105 przyjmowane przez stron\u0119 internetow\u0105 rower-elektryczny.eu 7 dni w tygodniu i 24 godziny na dob\u0119. Zam\u00f3wienia realizowane s\u0105 w dniach roboczych i godzinach pracy Sklepu.<\/p>\n<p>4. Do dokonywania zakup\u00f3w w Sklepie niezb\u0119dne jest posiadanie aktywnego konta poczty elektronicznej. Aby z\u0142o\u017cy\u0107 zam\u00f3wienie nale\u017cy uruchomi\u0107 stron\u0119 internetow\u0105: rower-elektryczny.eu i wype\u0142ni\u0107 formularz oraz zaakceptowa\u0107 regulamin lub zarejestrowa\u0107.\u00a0Konto klienta.<\/p>\n<p>5. Og\u0142oszenia, reklamy, cenniki oraz inne informacje zawarte na stronie nie stanowi\u0105 oferty w rozumieniu art. 66 k.c. a s\u0105 jedynie zaproszeniem do zawarcia umowy. Sprzedawca zastrzega sobie mo\u017cliwo\u015b\u0107 zmiany ceny towar\u00f3w lub us\u0142ug.<\/p>\n<p>6. Klient, przesy\u0142aj\u0105c do Sklepu zam\u00f3wienie, sk\u0142ada ofert\u0119 zawarcia umowy kupna-sprzeda\u017cy zamawianych towar\u00f3w lub us\u0142ug ze Sklepem.<\/p>\n<p>7. W celu z\u0142o\u017cenia zam\u00f3wienia Klient zobowi\u0105zany jest dokona\u0107:<br \/>\n\u2013 wyboru zamawianych towar\u00f3w lub us\u0142ug,<br \/>\n\u2013 wyboru sposobu dostawy oraz adresu dostawy i adresu, na jaki ma by\u0107 wystawiona faktura (mog\u0105 to by\u0107 r\u00f3\u017cne adresy),<br \/>\n\u2013 wyboru sposobu p\u0142atno\u015bci.<\/p>\n<p>8. W przypadku niedost\u0119pno\u015bci towar\u00f3w obj\u0119tych zam\u00f3wieniem w magazynie, u dostawc\u00f3w Sklepu lub z innych przyczyn i braku mo\u017cliwo\u015bci realizacji zam\u00f3wienia Klienta, Sklep zawiadomi o tym fakcie Klienta najp\u00f3\u017aniej w terminie 30 (trzydziestu) dni licz\u0105c od daty zawarcia umowy i zwr\u00f3ci wp\u0142acone pieni\u0105dze. Powiadomienie zostanie wys\u0142ane na adres e-mail wskazany przez Klienta w formularzu zam\u00f3wienia.<\/p>\n<p>9. W przypadku niedost\u0119pno\u015bci cz\u0119\u015bci towar\u00f3w obj\u0119tych zam\u00f3wieniem w magazynie, u dostawc\u00f3w Sklepu lub z innych przyczyn uniemo\u017cliwiaj\u0105cych realizacj\u0119 zam\u00f3wienia w czasie przewidzianym w tym zam\u00f3wieniu (np. op\u00f3\u017anienie dostaw przez dostawc\u00f3w Sklepu), Klient jest informowany o stanie zam\u00f3wienia i podejmuje decyzj\u0119 o sposobie jego realizacji.<\/p>\n<p>10. Klient ma nast\u0119puj\u0105ce mo\u017cliwo\u015bci:<br \/>\n\u2013 cz\u0119\u015bciowa realizacja \u2013 wyb\u00f3r przez Klienta tej mo\u017cliwo\u015bci powoduje zrealizowanie zam\u00f3wienia dotycz\u0105cego wy\u0142\u0105cznie dost\u0119pnych towar\u00f3w, Sklep zostaje zwolniony z obowi\u0105zku realizacji zam\u00f3wienia na towary niedost\u0119pne,<br \/>\n\u2013 anulowanie ca\u0142o\u015bci zam\u00f3wienia \u2013 wyb\u00f3r przez Klienta tej mo\u017cliwo\u015bci powoduje zwolnienie Sklepu z obowi\u0105zku realizacji zam\u00f3wienia. Je\u015bli Klient dokona\u0142 zap\u0142aty za towar \u2013 Sklep zwr\u00f3ci nale\u017cno\u015b\u0107 zgodnie z procedur\u0105 opisan\u0105 niniejszym regulaminie.<\/p>\n<p>11. Do sprzeda\u017cy promocyjnej oraz wyprzeda\u017cy przeznaczona jest ograniczona liczba towar\u00f3w.<\/p>\n<p>12. Realizacja zam\u00f3wie\u0144 nast\u0119puje wed\u0142ug kolejno\u015bci wp\u0142ywania potwierdzonych zam\u00f3wie\u0144, a\u017c do wyczerpania si\u0119 zapas\u00f3w obj\u0119tych t\u0105 form\u0105 sprzeda\u017cy w magazynie Sklepu lub u jego dostawc\u00f3w.<\/p>\n<h6><b>ZMIANY W ZAM\u00d3WIENIACH<\/b><\/h6>\n<p>1. Klient mo\u017ce dokonywa\u0107 zmian w zam\u00f3wieniu lub je anulowa\u0107 do momentu przekazania zam\u00f3wienia do wysy\u0142ki. Wprowadzanie zmian mo\u017cliwe jest poprzez kontakt z Biurem Obs\u0142ugi Klienta za po\u015brednictwem formularza kontaktu na stronach pomocy lub telefonicznie.<\/p>\n<p>2. Zmiany zlecane w inny spos\u00f3b ni\u017c za po\u015brednictwem formularza kontaktu b\u0119d\u0105 wprowadzane wy\u0142\u0105cznie po zweryfikowaniu Klienta .<\/p>\n<p>3. Modyfikacje dotycz\u0105ce: adresu Klienta, adresu dostawy oraz zawieraj\u0105ce polecenia zwrotu nale\u017cno\u015bci b\u0119d\u0105 przyjmowane tylko poprzez formularz kontaktu.<\/p>\n<h6><b>CENY TOWAR\u00d3W.<\/b><\/h6>\n<p>1. Wszystkie ceny towar\u00f3w zamieszczone na stronie internetowej Sklepu:<br \/>\n\u2013 podawane s\u0105 w z\u0142otych polskich,<br \/>\n\u2013 zawieraj\u0105 podatek VAT,<br \/>\n\u2013 nie zawieraj\u0105 informacji dotycz\u0105cych ewentualnych op\u0142at celnych,<br \/>\n\u2013 nie zawieraj\u0105 informacji dotycz\u0105cych koszt\u00f3w dostawy.<\/p>\n<p>2. Cena podana przy ka\u017cdym towarze jest wi\u0105\u017c\u0105ca w chwili potwierdzenia zam\u00f3wienia Klienta i jego akceptacji ze strony Sklepu.<\/p>\n<p>3. Sklep zastrzega sobie prawo do przeprowadzania i odwo\u0142ywania akcji promocyjnych i wyprzeda\u017cy lub wprowadzania w nich zmian. Uprawnienie powy\u017csze nie ma wp\u0142ywu na ceny towar\u00f3w w zam\u00f3wieniach z\u0142o\u017conych przed dat\u0105 wej\u015bcia w \u017cycie zmiany ceny, warunk\u00f3w akcji promocyjnych lub wyprzeda\u017cy.<\/p>\n<p>4. Promocje w Sklepie nie podlegaj\u0105 \u0142\u0105czeniu, o ile regulamin promocji nie stanowi inaczej.<\/p>\n<p>5. Dostawa towaru odbywa si\u0119 w wybrany przez Klienta i okre\u015blony w zam\u00f3wieniu spos\u00f3b. Aktualna tabela zawieraj\u0105ca informacje o kosztach dostawy dost\u0119pna jest na stronie Sklepu.<\/p>\n<p><b>Czas realizacji zam\u00f3wienia.<br \/>\n<\/b>1. Przy ka\u017cdym towarze podany jest przewidywany czas przygotowania zam\u00f3wienia do wysy\u0142ki. Jest to czas, kt\u00f3ry up\u0142ywa od przyj\u0119cia zam\u00f3wienia do realizacji do momentu przekazania paczki ze Sklepu do przewo\u017anika realizuj\u0105cego dostaw\u0119, uwzgl\u0119dniane s\u0105 tylko dni robocze. Zam\u00f3wienie na towary o r\u00f3\u017cnym czasie realizacji jest wysy\u0142ane w chwili skompletowania ca\u0142ego zam\u00f3wienia. Termin wysy\u0142ki paczki okre\u015blany jest na podstawie towaru o najd\u0142u\u017cszym czasie realizacji.<\/p>\n<p>2. Na terytorium Polski zam\u00f3wienie mo\u017ce by\u0107 dostarczone, wed\u0142ug wyboru Klienta:<br \/>\n\u2013 za po\u015brednictwem firmy kurierskiej,<\/p>\n<p>3. W przypadku wybranych towar\u00f3w Sklep zastrzega sobie mo\u017cliwo\u015b\u0107 wy\u0142\u0105czenia niekt\u00f3rych form dostawy.<\/p>\n<p>4. Klient, odbieraj\u0105c przesy\u0142k\u0119 z zam\u00f3wieniem, powinien sprawdzi\u0107 stan przesy\u0142ki w obecno\u015bci pracownika firmy kurierskiej<\/p>\n<p>5. W przypadku stwierdzenia zniszczenia lub naruszenia opakowania nale\u017cy, w obecno\u015bci kuriera sporz\u0105dzi\u0107 protok\u00f3\u0142 szkody. Protok\u00f3\u0142 szkody przes\u0142any do Sklepu wraz z reklamacj\u0105 u\u0142atwi jej rozpatrzenie.<\/p>\n<h6><b>FORMY P\u0141ATNO\u015aCI. ROZPOCZ\u0118CIE REALIZACJI ZAM\u00d3WIENIA.<\/b><\/h6>\n<p>1. Klient mo\u017ce wybra\u0107 nast\u0119puj\u0105ce formy p\u0142atno\u015bci za zam\u00f3wione towary z dostaw\u0105 na terytorium Polski :<br \/>\n\u2013 p\u0142atno\u015b\u0107 przelewem,<\/p>\n<p>2. Realizacja zam\u00f3wienia rozpoczyna si\u0119 po zako\u0144czeniu procesu sk\u0142adania zam\u00f3wienia.<\/p>\n<p>3. Realizacja zam\u00f3wienia rozpoczyna si\u0119 po otrzymaniu przez Sklep potwierdzenia poprawnego wykonania operacji od operatora p\u0142atno\u015bci, w przypadku przelewu bankowego \u2013 po wp\u0142yni\u0119ciu wp\u0142aty na konto Sklepu.<\/p>\n<p>4. W przypadku wybranych towar\u00f3w Sklep zastrzega sobie mo\u017cliwo\u015b\u0107 wy\u0142\u0105czenia niekt\u00f3rych form p\u0142atno\u015bci za zam\u00f3wienie.<\/p>\n<h6><b>REKLAMACJE<\/b>.<\/h6>\n<p>1. Towary mog\u0105 by\u0107 obj\u0119te gwarancj\u0105 producenta lub dystrybutora. Szczeg\u00f3\u0142owe warunki gwarancji i czas jej trwania podawane s\u0105 w karcie gwarancyjnej wystawionej przez gwaranta.<\/p>\n<p>2. Je\u017celi otrzymany towar jest wadliwy, Klient mo\u017ce skorzysta\u0107, wed\u0142ug swojego wyboru, z uprawnie\u0144 gwarancyjnych bezpo\u015brednio u gwaranta (producenta lub dystrybutora) we wskazanych serwisach oraz z uprawnie\u0144 przys\u0142uguj\u0105cych mu od sprzedawcy z tytu\u0142u niezgodno\u015bci towaru z umow\u0105. Uprawnienia gwarancyjne i uprawnienia przys\u0142uguj\u0105ce Klientowi od sprzedawcy z tytu\u0142u niezgodno\u015bci towaru z umow\u0105 s\u0105 uprawnieniami od siebie niezale\u017cnymi.<\/p>\n<p>3. W przypadku stwierdzenia niezgodno\u015bci towaru z umow\u0105 Klientowi przys\u0142uguje prawo do z\u0142o\u017cenia reklamacji<br \/>\nw Sklepie. Uprawnienie to przys\u0142uguje w ci\u0105gu 2 (dw\u00f3ch) lat od daty dor\u0119czenia towaru, pod warunkiem zawiadomienia Sklepu o niezgodno\u015bci w ci\u0105gu 2 (dw\u00f3ch) miesi\u0119cy od jej wykrycia. W takim przypadku Klient powinien odes\u0142a\u0107 towar na adres Sklepu.<\/p>\n<p>4. Do odsy\u0142anego towaru nale\u017cy do\u0142\u0105czy\u0107 dow\u00f3d zakupu z opisem reklamacji (wz\u00f3r do pobrania na stronie sklepu).<\/p>\n<p>5. Sklep, niezw\u0142ocznie jednak najp\u00f3\u017aniej w ci\u0105gu 14 dni od daty otrzymania przesy\u0142ki z reklamowanym towarem, ustosunkuje si\u0119 do z\u0142o\u017conej reklamacji i poinformuje Klienta o dalszym post\u0119powaniu.<\/p>\n<p>6. W przypadku uznania reklamacji, towar uszkodzony zostanie naprawiony lub wymieniony na inny, pe\u0142nowarto\u015bciowy. Je\u015bli nie b\u0119dzie to mo\u017cliwe Sklep zwr\u00f3ci Klientowi r\u00f3wnowarto\u015b\u0107 ceny towaru. Koszty zwi\u0105zane z odes\u0142aniem towaru reklamowanego Sklep zwraca po pozytywnym rozpatrzeniu reklamacji.<\/p>\n<h6><b>ODST\u0104PIENIE OD UMOWY.<\/b><\/h6>\n<p>1. Zgodnie z ustaw\u0105 z 2 marca 2000 roku \u201eO ochronie niekt\u00f3rych praw konsument\u00f3w oraz o odpowiedzialno\u015bci za szkod\u0119 wyrz\u0105dzon\u0105 przez produkt niebezpieczny\u201d Klient b\u0119d\u0105cy osob\u0105 fizyczn\u0105, dokonuj\u0105cy zakupu w celu niezwi\u0105zanym z dzia\u0142alno\u015bci\u0105 zawodow\u0105 lub gospodarcz\u0105, mo\u017ce odst\u0105pi\u0107 od umowy bez podania przyczyny w ci\u0105gu 14 dni od daty odebrania przesy\u0142ki.<\/p>\n<p>2. Klient powinien z\u0142o\u017cy\u0107 o\u015bwiadczenie o odst\u0105pieniu od umowy oraz dokona\u0107 zwrotu towaru do Sklepu.<\/p>\n<p>3. Zwracane towary musz\u0105 by\u0107 kompletne. Towary powinny by\u0107 zwr\u00f3cone w stanie niezmienionym chyba, \u017ce zmiana by\u0142a konieczna w granicach zwyk\u0142ego zarz\u0105du, tj. Klient powinien post\u0119powa\u0107 z towarem maj\u0105c na uwadze, konieczno\u015b\u0107 jego ewentualnego, p\u00f3\u017aniejszego zwrotu.<\/p>\n<p>4. Zwracany towar nale\u017cy odes\u0142a\u0107 najp\u00f3\u017aniej w ci\u0105gu 14 dni od odst\u0105pienia od umowy wraz z o\u015bwiadczeniem o zwrocie (wz\u00f3r o\u015bwiadczenia na stronie Sklepu)<\/p>\n<p>5. Koszt odes\u0142ania towaru nie podlega zwrotowi.<\/p>\n<p>6. Sklep dokonuje zwrotu nale\u017cno\u015bci za zwr\u00f3cony towar w ci\u0105gu 14 dni roboczych.<\/p>\n<h6><b>ZWROT NALE\u017bNO\u015aCI KLIENTOM. NADP\u0141ATY.<\/b><\/h6>\n<p>1. W przypadku zaistnienia okoliczno\u015bci zobowi\u0105zuj\u0105cych Sklep do zwrotu nale\u017cno\u015bci wp\u0142aconych przez Klienta na konto Sklepu, zwrot ten nast\u0119puje maksymalnie w ci\u0105gu 7 dni roboczych.<\/p>\n<p>2. Je\u017celi Klient dokona\u0142 p\u0142atno\u015bci przelewem zwrot nale\u017cno\u015bci nast\u0119puje na rachunek bankowy, z kt\u00f3rego nast\u0105pi\u0142a p\u0142atno\u015b\u0107 lub inne konto o ile zosta\u0142o wskazane przez Klienta.<\/p>\n<h6><b>DANE OSOBOWE.<\/b><\/h6>\n<p>1. Sk\u0142adaj\u0105c zam\u00f3wienie w Sklepie, Klient wyra\u017ca zgod\u0119 na umieszczenie swoich danych osobowych w bazie\u00a0Energetyczni Doradcy\u00a0Sp z o.o\u00a0\u00a0oraz na ich przetwarzanie dla cel\u00f3w realizacji umowy. Podanie danych osobowych\u00a0przez Klienta jest dobrowolne, jednak brak zgody na ich przetwarzanie uniemo\u017cliwia zrealizowanie zam\u00f3wienia\u00a0przez Sklep. Klient ponosi odpowiedzialno\u015b\u0107 za podanie nieprawdziwych danych osobowych.<\/p>\n<p>2. Dane osobowe s\u0105 chronione zgodnie z Ustaw\u0105 z dnia 29.08.1997 r. o ochronie danych osobowych (t.j. Dz.U. Nr 101 z 2002 r., poz. 926 z p\u00f3\u017an. zm.) w spos\u00f3b uniemo\u017cliwiaj\u0105cy dost\u0119p do nich os\u00f3b trzecich.<br \/>\n3. W przypadku wyra\u017cenia przez Klienta dodatkowej zgody dane osobowe b\u0119d\u0105 przetwarzane przez Sklep w celu informowania Klienta o nowych towarach, promocjach i us\u0142ugach dost\u0119pnych w Sklepie.<br \/>\n4. Klienci Sklepu maja prawo wgl\u0105du do swoich danych osobowych, poprawiania ich oraz \u017c\u0105dania usuni\u0119cia.<\/p>\n<h6><b>POSTANOWIENIA KO\u0143COWE.<\/b><\/h6>\n<p>1. Umowa sprzeda\u017cy zawierana jest mi\u0119dzy Klientem a\u00a0Ekonamaksa Sp z o.o<\/p>\n<p>2. Towary prezentowane na stronach Sklepu nie stanowi\u0105 oferty w rozumieniu Kodeksu Cywilnego. Informacja o towarach zamieszczona na stronach Sklepu nie oznacza, \u017ce towary s\u0105 dost\u0119pne w magazynie Sklepu lub u jego dostawc\u00f3w.<\/p>\n<p>3. Sklep nie ponosi odpowiedzialno\u015bci za blokowanie przez administrator\u00f3w serwer\u00f3w pocztowych przesy\u0142ania wiadomo\u015bci na adres e-mail wskazany przez Klienta oraz za usuwanie i blokowanie wiadomo\u015bci e-mail przez oprogramowanie zainstalowane na komputerze u\u017cywanym przez Klienta.<\/p>\n<p>4. Sklep nie ponosi odpowiedzialno\u015bci za b\u0142\u0119dy w obs\u0142udze zam\u00f3wienia lub innych dyspozycji Klienta, powsta\u0142e w wskutek przekazania przez Klienta b\u0142\u0119dnych danych.<\/p>\n<p>5. Sklep wykorzystuje pliki cookies do obserwacji sposob\u00f3w u\u017cytkowania strony\u00a0https:\/\/los-odpowiedzialni-spolecznie.pl\/<\/p>\n<p>6. Klient ma mo\u017cliwo\u015b\u0107 korzystania ze strony internetowej bez wykorzystywania mechanizmu cookies, ale mo\u017ce to oznacza\u0107, \u017ce niekt\u00f3re funkcje lub us\u0142ugi Sklepu nie b\u0119d\u0105 dzia\u0142a\u0107 poprawnie. Je\u015bli Klient nie wyra\u017ca zgody na korzystanie z plik\u00f3w cookies powinien, w dowolnym momencie, zaznaczy\u0107 w ustawieniach przegl\u0105darki opcj\u0119 odrzucania plik\u00f3w cookies lub sygnalizowania ich przes\u0142ania.<\/p>\n<p>7. Ewentualne spory pomi\u0119dzy Klientem a Sklepem, zostan\u0105 poddane rozstrzygni\u0119ciu s\u0105du w\u0142a\u015bciwego zgodnie\u00a0z Kodeksem post\u0119powania cywilnego z dnia 17 listopada 1964 roku (Dz. U. Nr 43, poz. 296 z p\u00f3\u017an. zm.)<\/p>\n<p>8. W sprawach nieuregulowanych w niniejszym Regulaminie maj\u0105 zastosowanie przepisy prawa polskiego, a w szczeg\u00f3lno\u015bci Kodeksu Cywilnego, Ustawy o szczeg\u00f3lnych warunkach sprzeda\u017cy konsumenckiej oraz zmianie Kodeksu cywilnego (Dz. U. Nr 141 z 2002 r., poz.1176, z p\u00f3\u017an. zm. ) oraz przepisy Ustawy o ochronie niekt\u00f3rych<br \/>\npraw Konsument\u00f3w oraz odpowiedzialno\u015bci za szkod\u0119 wyrz\u0105dzon\u0105 przez produkt niebezpieczny (Dz. U. nr 22 z 2000r. ,poz.271 z p\u00f3\u017an. zm.).<\/p>\n<p>9. Niniejszy Regulamin obowi\u0105zuje od dnia 28 Grudnia 2024 roku.<\/p>\n<p>10. Sklep zastrzega sobie prawo do zmiany Regulaminu. Wszelkie zmiany Regulaminu wchodz\u0105 w \u017cycie w terminie wskazanym przez Sklep, nie kr\u00f3tszym ni\u017c\u00a0 7 dni od daty udost\u0119pnienia ich na stronie rower-elektryczny.eu Zam\u00f3wienia z\u0142o\u017cone przed dat\u0105 wej\u015bcia w \u017cycie zmian do niniejszego Regulaminu s\u0105 realizowane na podstawie zapis\u00f3w obowi\u0105zuj\u0105cych w dniu z\u0142o\u017cenia zam\u00f3wienia.<\/p>","protected":false},"excerpt":{"rendered":"<p>Sklep internetowy ekonamaksa, dzia\u0142aj\u0105cy pod adresem https:\/\/los-odpowiedzialni-spolecznie.pl\/ prowadzony jest przez:\u00a0EKO NA MAKSA Sp z o.o. ul. Miodowa 10, 96-332 Bartniki, NIP:8381881590, REGON: 525555214, KRS: 0001041492 S\u0142owniczek: Sklep\u00a0\u2013 prowadzony sklep internetowy dzia\u0142aj\u0105cy pod adresem rower-elektryczny.eu\u00a0sprzedaj\u0105cy towary za po\u015brednictwem Internetu; Dni robocze\u00a0\u2013 wszystkie dni tygodnia od poniedzia\u0142ku do pi\u0105tku, Czas realizacji zam\u00f3wienia\u00a0\u2013 czas, w jakim Sklep skompletuje [&hellip;]<\/p>","protected":false},"author":1,"featured_media":0,"parent":0,"menu_order":0,"comment_status":"closed","ping_status":"closed","template":"","meta":{"site-sidebar-layout":"default","site-content-layout":"","ast-site-content-layout":"","site-content-style":"default","site-sidebar-style":"default","ast-global-header-display":"","ast-banner-title-visibility":"","ast-main-header-display":"","ast-hfb-above-header-display":"","ast-hfb-below-header-display":"","ast-hfb-mobile-header-display":"","site-post-title":"","ast-breadcrumbs-content":"","ast-featured-img":"","footer-sml-layout":"","theme-transparent-header-meta":"","adv-header-id-meta":"","stick-header-meta":"","header-above-stick-meta":"","header-main-stick-meta":"","header-below-stick-meta":"","astra-migrate-meta-layouts":"default","ast-page-background-enabled":"default","ast-page-background-meta":{"desktop":{"background-color":"var(--ast-global-color-4)","background-image":"","background-repeat":"repeat","background-position":"center center","background-size":"auto","background-attachment":"scroll","background-type":"","background-media":"","overlay-type":"","overlay-color":"","overlay-opacity":"","overlay-gradient":""},"tablet":{"background-color":"","background-image":"","background-repeat":"repeat","background-position":"center center","background-size":"auto","background-attachment":"scroll","background-type":"","background-media":"","overlay-type":"","overlay-color":"","overlay-opacity":"","overlay-gradient":""},"mobile":{"background-color":"","background-image":"","background-repeat":"repeat","background-position":"center center","background-size":"auto","background-attachment":"scroll","background-type":"","background-media":"","overlay-type":"","overlay-color":"","overlay-opacity":"","overlay-gradient":""}},"ast-content-background-meta":{"desktop":{"background-color":"var(--ast-global-color-5)","background-image":"","background-repeat":"repeat","background-position":"center center","background-size":"auto","background-attachment":"scroll","background-type":"","background-media":"","overlay-type":"","overlay-color":"","overlay-opacity":"","overlay-gradient":""},"tablet":{"background-color":"var(--ast-global-color-5)","background-image":"","background-repeat":"repeat","background-position":"center center","background-size":"auto","background-attachment":"scroll","background-type":"","background-media":"","overlay-type":"","overlay-color":"","overlay-opacity":"","overlay-gradient":""},"mobile":{"background-color":"var(--ast-global-color-5)","background-image":"","background-repeat":"repeat","background-position":"center center","background-size":"auto","background-attachment":"scroll","background-type":"","background-media":"","overlay-type":"","overlay-color":"","overlay-opacity":"","overlay-gradient":""}},"footnotes":""},"class_list":["post-82","page","type-page","status-publish","hentry"],"_links":{"self":[{"href":"https:\/\/los-odpowiedzialni-spolecznie.pl\/en\/wp-json\/wp\/v2\/pages\/82","targetHints":{"allow":["GET"]}}],"collection":[{"href":"https:\/\/los-odpowiedzialni-spolecznie.pl\/en\/wp-json\/wp\/v2\/pages"}],"about":[{"href":"https:\/\/los-odpowiedzialni-spolecznie.pl\/en\/wp-json\/wp\/v2\/types\/page"}],"author":[{"embeddable":true,"href":"https:\/\/los-odpowiedzialni-spolecznie.pl\/en\/wp-json\/wp\/v2\/users\/1"}],"replies":[{"embeddable":true,"href":"https:\/\/los-odpowiedzialni-spolecznie.pl\/en\/wp-json\/wp\/v2\/comments?post=82"}],"version-history":[{"count":0,"href":"https:\/\/los-odpowiedzialni-spolecznie.pl\/en\/wp-json\/wp\/v2\/pages\/82\/revisions"}],"wp:attachment":[{"href":"https:\/\/los-odpowiedzialni-spolecznie.pl\/en\/wp-json\/wp\/v2\/media?parent=82"}],"curies":[{"name":"wp","href":"https:\/\/api.w.org\/{rel}","templated":true}]}}