{"id":3,"date":"2024-12-21T13:06:44","date_gmt":"2024-12-21T12:06:44","guid":{"rendered":"https:\/\/los-odpowiedzialni-spolecznie.pl\/?page_id=3"},"modified":"2024-12-28T13:05:17","modified_gmt":"2024-12-28T12:05:17","slug":"polityka-prywatnosci","status":"publish","type":"page","link":"https:\/\/los-odpowiedzialni-spolecznie.pl\/en\/polityka-prywatnosci\/","title":{"rendered":"Polityka prywatno\u015bci"},"content":{"rendered":"<h6>OCHRONA DANYCH OSOBOWYCH W FIRMIE EKO NA MAKSA<\/h6>\n<p>Szanowni Pa\u0144stwo,<\/p>\n<p>w zwi\u0105zku z rozpocz\u0119ciem obowi\u0105zywania przepis\u00f3w Rozporz\u0105dzenia Parlamentu Europejskiego i Rady (UE) 2016\/679 z dnia 27 kwietnia 2016r w sprawie ochrony os\u00f3b fizycznych w zwi\u0105zku z przetwarzaniem danych osobowych i w sprawie swobodnego przep\u0142ywu takich danych oraz uchylenia dyrektywy 95\/46\/WE (og\u00f3lne rozporz\u0105dzenie o ochronie danych) uprzejmie informujemy, \u017ce wszelkie wnioski w zakresie realizacji praw os\u00f3b, kt\u00f3rych dane dotycz\u0105, s\u0105 realizowane za po\u015brednictwem nast\u0119puj\u0105cego adresu mailowego:\u00a0<strong>sklep@ekonamaksa.pl<\/strong><b>\u00a0<\/b>lub bezpo\u015brednio w siedzibie organizacji w formie pisemnego wniosku.<\/p>\n<p>Administratorem danych jest:\u00a0<b>EKO NA MAKSA\u00a0Sp z o.o. ul. Miodowa 10, 96-332 Bartniki,\u00a0<\/b>NIP:8381881590, REGON: 525555214, KRS: 0001041492<br \/>\nKontakt w zakresie Ochrony danych osobowych:\u00a0<strong>sklep@<\/strong><span style=\"font-weight: bold;\">los-odpowiedzialni-spolecznie.pl.pl<\/span><br \/>\nDane osobowe przetwarzane s\u0105 na podstawie art. 6 ust. 1 lit. f RODO, tj. w oparciu o niezb\u0119dno\u015b\u0107 przetwarzania do cel\u00f3w wynikaj\u0105cych z prawnie uzasadnionych interes\u00f3w realizowanych przez Administratora;<br \/>\nPrawnie uzasadnione interesy realizowane przez Administratora polegaj\u0105 na oferowaniu klientom produkt\u00f3w i us\u0142ug;<br \/>\nDane osobowe s\u0105 przetwarzane r\u0119cznie oraz automatycznie;<br \/>\nAdministrator przetwarza dane osobowe w zakresie niezb\u0119dnym do zawarcia umowy. S\u0105 to: imi\u0119, nazwisko, miejsce zamieszkania, miejsce \u015bwiadczenia us\u0142ug, adres korespondencyjny, miejsce dostarczenia towaru oraz numery telefon\u00f3w kontaktowych. Podanie adresu poczty elektronicznej nie jest wymogiem i nie jest warunkiem zawarcia lub realizacji Umowy. Podanie wszystkich danych jest dobrowolne.<br \/>\nDane nie b\u0119d\u0105 udost\u0119pniane podmiotom innym ni\u017c uprawnione na mocy przepis\u00f3w prawa;<br \/>\nDane osobowe nie b\u0119d\u0105 przekazywane do pa\u0144stwa trzeciego\/organizacji mi\u0119dzynarodowej;<br \/>\nAdministrator dok\u0142ada wszelkich stara\u0144, aby przechowywanym danym osobowym zapewni\u0107 \u015brodki fizycznej, technicznej i organizacyjnej ochrony przed ich przypadkowym czy umy\u015blnym zniszczeniem, przypadkow\u0105 utrat\u0105, zmian\u0105, nieuprawnionym ujawnieniem, wykorzystaniem czy dost\u0119pem, zgodnie ze wszystkimi obowi\u0105zuj\u0105cymi przepisami;<\/p>\n<p>W zwi\u0105zku z przetwarzaniem Pani\/Pana danych osobowych przys\u0142uguje Pani\/Panu prawo do:<\/p>\n<p>\u017c\u0105dania od Administratora dost\u0119pu do Pani\/Pana danych osobowych,<br \/>\n\u017c\u0105dania od Administratora sprostowania Pani\/Pana danych osobowych,<br \/>\n\u017c\u0105dania od Administratora usuni\u0119cia Pani\/Pana danych osobowych,<br \/>\n\u017c\u0105dania od Administratora ograniczenia przetwarzania Pani\/Pana danych osobowych,<br \/>\nwniesienia sprzeciwu wobec przetwarzania Pani\/Pana danych osobowych,<br \/>\nprzenoszenia Pani\/Pana danych osobowych,<br \/>\nwniesienia skargi do organu nadzorczego;<\/p>\n<p>Z powy\u017cszych praw mo\u017cna skorzysta\u0107 poprzez kontakt e-mailowy pod adresem\u00a0<span style=\"font-weight: bold;\">sklep@<\/span><span style=\"font-weight: bold;\">los-odpowiedzialni-spolecznie.pl<\/span>\u00a0lub bezpo\u015brednio w siedzibie organizacji w formie pisemnego wniosku.<\/p>\n<p>Cookie<\/p>\n<p>Administrator\u00a0stara si\u0119 korzysta\u0107 z najlepszych praktyk i traktowa\u0107 wszystkich U\u017cytkownik\u00f3w w spos\u00f3b uczciwy i otwarty. Korzystaj\u0105c z serwisu wyra\u017casz zgod\u0119 na wykorzystanie przez nas plik\u00f3w cookies, w celu zapewnienia Tobie wygody podczas przegl\u0105dania stron serwisu. \u017badne pliki cookie wykorzystywane w naszych witrynach internetowych nie gromadz\u0105 informacji umo\u017cliwiaj\u0105cych ustalenie to\u017csamo\u015bci u\u017cytkownika. Wykorzystywane s\u0105 do cel\u00f3w statystycznych za pomoc\u0105 us\u0142ugi Google Analytics. Dane przechowywane s\u0105 na urz\u0105dzeniach u\u017cytkownik\u00f3w.<\/p>\n<p>U\u017cytkownik w dowolnym momencie mo\u017ce zmienia\u0107 spos\u00f3b korzystania z plik\u00f3w cookies i usuwa\u0107 pliki cookie, kt\u00f3re zosta\u0142y ju\u017c zapisane na urz\u0105dzeniu przez przegl\u0105dark\u0119. Mo\u017cliwo\u015bci zarz\u0105dzania i usuwania plik\u00f3w cookie r\u00f3\u017cni\u0105 si\u0119 w zale\u017cno\u015bci od u\u017cywanej przegl\u0105darki. Wszystkie niezb\u0119dne informacje U\u017cytkownik mo\u017ce znale\u017a\u0107 wykorzystuj\u0105c funkcj\u0119 Pomoc w swojej przegl\u0105darce. Zablokowanie wszystkich ciasteczek mo\u017ce spowodowa\u0107 trudno\u015bci w dzia\u0142aniu lub zupe\u0142nie uniemo\u017cliwi\u0107 korzystanie z niekt\u00f3rych funkcjonalno\u015bci innych stron internetowych.<\/p>","protected":false},"excerpt":{"rendered":"<p>OCHRONA DANYCH OSOBOWYCH W FIRMIE EKO NA MAKSA Szanowni Pa\u0144stwo, w zwi\u0105zku z rozpocz\u0119ciem obowi\u0105zywania przepis\u00f3w Rozporz\u0105dzenia Parlamentu Europejskiego i Rady (UE) 2016\/679 z dnia 27 kwietnia 2016r w sprawie ochrony os\u00f3b fizycznych w zwi\u0105zku z przetwarzaniem danych osobowych i w sprawie swobodnego przep\u0142ywu takich danych oraz uchylenia dyrektywy 95\/46\/WE (og\u00f3lne rozporz\u0105dzenie o ochronie danych) [&hellip;]<\/p>","protected":false},"author":1,"featured_media":0,"parent":0,"menu_order":0,"comment_status":"closed","ping_status":"closed","template":"","meta":{"site-sidebar-layout":"default","site-content-layout":"","ast-site-content-layout":"","site-content-style":"default","site-sidebar-style":"default","ast-global-header-display":"","ast-banner-title-visibility":"","ast-main-header-display":"","ast-hfb-above-header-display":"","ast-hfb-below-header-display":"","ast-hfb-mobile-header-display":"","site-post-title":"","ast-breadcrumbs-content":"","ast-featured-img":"","footer-sml-layout":"","theme-transparent-header-meta":"","adv-header-id-meta":"","stick-header-meta":"","header-above-stick-meta":"","header-main-stick-meta":"","header-below-stick-meta":"","astra-migrate-meta-layouts":"default","ast-page-background-enabled":"default","ast-page-background-meta":{"desktop":{"background-color":"var(--ast-global-color-4)","background-image":"","background-repeat":"repeat","background-position":"center center","background-size":"auto","background-attachment":"scroll","background-type":"","background-media":"","overlay-type":"","overlay-color":"","overlay-opacity":"","overlay-gradient":""},"tablet":{"background-color":"","background-image":"","background-repeat":"repeat","background-position":"center center","background-size":"auto","background-attachment":"scroll","background-type":"","background-media":"","overlay-type":"","overlay-color":"","overlay-opacity":"","overlay-gradient":""},"mobile":{"background-color":"","background-image":"","background-repeat":"repeat","background-position":"center center","background-size":"auto","background-attachment":"scroll","background-type":"","background-media":"","overlay-type":"","overlay-color":"","overlay-opacity":"","overlay-gradient":""}},"ast-content-background-meta":{"desktop":{"background-color":"var(--ast-global-color-5)","background-image":"","background-repeat":"repeat","background-position":"center center","background-size":"auto","background-attachment":"scroll","background-type":"","background-media":"","overlay-type":"","overlay-color":"","overlay-opacity":"","overlay-gradient":""},"tablet":{"background-color":"var(--ast-global-color-5)","background-image":"","background-repeat":"repeat","background-position":"center center","background-size":"auto","background-attachment":"scroll","background-type":"","background-media":"","overlay-type":"","overlay-color":"","overlay-opacity":"","overlay-gradient":""},"mobile":{"background-color":"var(--ast-global-color-5)","background-image":"","background-repeat":"repeat","background-position":"center center","background-size":"auto","background-attachment":"scroll","background-type":"","background-media":"","overlay-type":"","overlay-color":"","overlay-opacity":"","overlay-gradient":""}},"footnotes":""},"class_list":["post-3","page","type-page","status-publish","hentry"],"_links":{"self":[{"href":"https:\/\/los-odpowiedzialni-spolecznie.pl\/en\/wp-json\/wp\/v2\/pages\/3","targetHints":{"allow":["GET"]}}],"collection":[{"href":"https:\/\/los-odpowiedzialni-spolecznie.pl\/en\/wp-json\/wp\/v2\/pages"}],"about":[{"href":"https:\/\/los-odpowiedzialni-spolecznie.pl\/en\/wp-json\/wp\/v2\/types\/page"}],"author":[{"embeddable":true,"href":"https:\/\/los-odpowiedzialni-spolecznie.pl\/en\/wp-json\/wp\/v2\/users\/1"}],"replies":[{"embeddable":true,"href":"https:\/\/los-odpowiedzialni-spolecznie.pl\/en\/wp-json\/wp\/v2\/comments?post=3"}],"version-history":[{"count":0,"href":"https:\/\/los-odpowiedzialni-spolecznie.pl\/en\/wp-json\/wp\/v2\/pages\/3\/revisions"}],"wp:attachment":[{"href":"https:\/\/los-odpowiedzialni-spolecznie.pl\/en\/wp-json\/wp\/v2\/media?parent=3"}],"curies":[{"name":"wp","href":"https:\/\/api.w.org\/{rel}","templated":true}]}}