{"id":2116,"date":"2025-01-22T13:46:51","date_gmt":"2025-01-22T12:46:51","guid":{"rendered":"https:\/\/los-odpowiedzialni-spolecznie.pl\/?page_id=2116"},"modified":"2025-01-23T14:03:13","modified_gmt":"2025-01-23T13:03:13","slug":"proces-uczestnictwa","status":"publish","type":"page","link":"https:\/\/los-odpowiedzialni-spolecznie.pl\/en\/o-programie\/proces-uczestnictwa\/","title":{"rendered":"Proces uczestnictwa"},"content":{"rendered":"<div data-elementor-type=\"wp-page\" data-elementor-id=\"2116\" class=\"elementor elementor-2116\">\n\t\t\t\t<div class=\"elementor-element elementor-element-a6ef60b e-flex e-con-boxed e-con e-parent\" data-id=\"a6ef60b\" data-element_type=\"container\" data-settings=\"{&quot;background_background&quot;:&quot;classic&quot;}\">\n\t\t\t\t\t<div class=\"e-con-inner\">\n\t\t\t\t<div class=\"elementor-element elementor-element-602aaf2 elementor-widget elementor-widget-heading\" data-id=\"602aaf2\" data-element_type=\"widget\" data-widget_type=\"heading.default\">\n\t\t\t\t<div class=\"elementor-widget-container\">\n\t\t\t\t\t<h1 class=\"elementor-heading-title elementor-size-default\">Proces uczestnictwa<\/h1>\t\t\t\t<\/div>\n\t\t\t\t<\/div>\n\t\t\t\t\t<\/div>\n\t\t\t\t<\/div>\n\t\t<div class=\"elementor-element elementor-element-910ea03 e-flex e-con-boxed e-con e-parent\" data-id=\"910ea03\" data-element_type=\"container\">\n\t\t\t\t\t<div class=\"e-con-inner\">\n\t\t<div class=\"elementor-element elementor-element-6964d22 e-con-full e-flex e-con e-child\" data-id=\"6964d22\" data-element_type=\"container\">\n\t\t\t\t<div class=\"elementor-element elementor-element-bda61e8 elementor-align-justify elementor-widget elementor-widget-button\" data-id=\"bda61e8\" data-element_type=\"widget\" data-widget_type=\"button.default\">\n\t\t\t\t<div class=\"elementor-widget-container\">\n\t\t\t\t\t\t\t\t\t<div class=\"elementor-button-wrapper\">\n\t\t\t\t\t<a class=\"elementor-button elementor-button-link elementor-size-sm\" href=\"https:\/\/los-odpowiedzialni-spolecznie.pl\/en\/o-programie\/zalozenia-programu\/\">\n\t\t\t\t\t\t<span class=\"elementor-button-content-wrapper\">\n\t\t\t\t\t\t\t\t\t<span class=\"elementor-button-text\">Za\u0142o\u017cenia programu<\/span>\n\t\t\t\t\t<\/span>\n\t\t\t\t\t<\/a>\n\t\t\t\t<\/div>\n\t\t\t\t\t\t\t\t<\/div>\n\t\t\t\t<\/div>\n\t\t\t\t<div class=\"elementor-element elementor-element-cd29c23 elementor-align-justify elementor-widget elementor-widget-button\" data-id=\"cd29c23\" data-element_type=\"widget\" data-widget_type=\"button.default\">\n\t\t\t\t<div class=\"elementor-widget-container\">\n\t\t\t\t\t\t\t\t\t<div class=\"elementor-button-wrapper\">\n\t\t\t\t\t<a class=\"elementor-button elementor-button-link elementor-size-sm\" href=\"https:\/\/los-odpowiedzialni-spolecznie.pl\/en\/o-programie\/korzysci-dla-uczestnikow-programu\/\">\n\t\t\t\t\t\t<span class=\"elementor-button-content-wrapper\">\n\t\t\t\t\t\t\t\t\t<span class=\"elementor-button-text\">Korzy\u015bci dla uczestnik\u00f3w programu<\/span>\n\t\t\t\t\t<\/span>\n\t\t\t\t\t<\/a>\n\t\t\t\t<\/div>\n\t\t\t\t\t\t\t\t<\/div>\n\t\t\t\t<\/div>\n\t\t\t\t<div class=\"elementor-element elementor-element-9f1b1bd elementor-align-justify elementor-widget elementor-widget-button\" data-id=\"9f1b1bd\" data-element_type=\"widget\" data-widget_type=\"button.default\">\n\t\t\t\t<div class=\"elementor-widget-container\">\n\t\t\t\t\t\t\t\t\t<div class=\"elementor-button-wrapper\">\n\t\t\t\t\t<a class=\"elementor-button elementor-button-link elementor-size-sm\" href=\"https:\/\/los-odpowiedzialni-spolecznie.pl\/en\/o-programie\/szczegoly-programu\/\">\n\t\t\t\t\t\t<span class=\"elementor-button-content-wrapper\">\n\t\t\t\t\t\t\t\t\t<span class=\"elementor-button-text\">Szczeg\u00f3\u0142y programu<\/span>\n\t\t\t\t\t<\/span>\n\t\t\t\t\t<\/a>\n\t\t\t\t<\/div>\n\t\t\t\t\t\t\t\t<\/div>\n\t\t\t\t<\/div>\n\t\t\t\t<div class=\"elementor-element elementor-element-281c3cf elementor-align-justify elementor-widget elementor-widget-button\" data-id=\"281c3cf\" data-element_type=\"widget\" data-widget_type=\"button.default\">\n\t\t\t\t<div class=\"elementor-widget-container\">\n\t\t\t\t\t\t\t\t\t<div class=\"elementor-button-wrapper\">\n\t\t\t\t\t<a class=\"elementor-button elementor-button-link elementor-size-sm\" href=\"https:\/\/los-odpowiedzialni-spolecznie.pl\/en\/o-programie\/proces-uczestnictwa\/\">\n\t\t\t\t\t\t<span class=\"elementor-button-content-wrapper\">\n\t\t\t\t\t\t\t\t\t<span class=\"elementor-button-text\">Proces uczestnictwa<\/span>\n\t\t\t\t\t<\/span>\n\t\t\t\t\t<\/a>\n\t\t\t\t<\/div>\n\t\t\t\t\t\t\t\t<\/div>\n\t\t\t\t<\/div>\n\t\t\t\t<div class=\"elementor-element elementor-element-ea62a0b elementor-align-justify elementor-widget elementor-widget-button\" data-id=\"ea62a0b\" data-element_type=\"widget\" data-widget_type=\"button.default\">\n\t\t\t\t<div class=\"elementor-widget-container\">\n\t\t\t\t\t\t\t\t\t<div class=\"elementor-button-wrapper\">\n\t\t\t\t\t<a class=\"elementor-button elementor-button-link elementor-size-sm\" href=\"https:\/\/los-odpowiedzialni-spolecznie.pl\/en\/o-programie\/ewaluacja-i-rozwoj-programu\/\">\n\t\t\t\t\t\t<span class=\"elementor-button-content-wrapper\">\n\t\t\t\t\t\t\t\t\t<span class=\"elementor-button-text\">Ewaluacja i rozw\u00f3j programu<\/span>\n\t\t\t\t\t<\/span>\n\t\t\t\t\t<\/a>\n\t\t\t\t<\/div>\n\t\t\t\t\t\t\t\t<\/div>\n\t\t\t\t<\/div>\n\t\t\t\t<div class=\"elementor-element elementor-element-1d62abb elementor-align-justify elementor-widget elementor-widget-button\" data-id=\"1d62abb\" data-element_type=\"widget\" data-widget_type=\"button.default\">\n\t\t\t\t<div class=\"elementor-widget-container\">\n\t\t\t\t\t\t\t\t\t<div class=\"elementor-button-wrapper\">\n\t\t\t\t\t<a class=\"elementor-button elementor-button-link elementor-size-sm\" href=\"https:\/\/los-odpowiedzialni-spolecznie.pl\/en\/o-programie\/komunikacja-programu\/\">\n\t\t\t\t\t\t<span class=\"elementor-button-content-wrapper\">\n\t\t\t\t\t\t\t\t\t<span class=\"elementor-button-text\">Komunikacja programu<\/span>\n\t\t\t\t\t<\/span>\n\t\t\t\t\t<\/a>\n\t\t\t\t<\/div>\n\t\t\t\t\t\t\t\t<\/div>\n\t\t\t\t<\/div>\n\t\t\t\t<\/div>\n\t\t<div class=\"elementor-element elementor-element-09f2cff e-con-full e-flex e-con e-child\" data-id=\"09f2cff\" data-element_type=\"container\">\n\t\t\t\t<div class=\"elementor-element elementor-element-18d69c1 elementor-icon-list--layout-traditional elementor-list-item-link-full_width elementor-widget elementor-widget-icon-list\" data-id=\"18d69c1\" data-element_type=\"widget\" data-widget_type=\"icon-list.default\">\n\t\t\t\t<div class=\"elementor-widget-container\">\n\t\t\t\t\t\t\t<ul class=\"elementor-icon-list-items\">\n\t\t\t\t\t\t\t<li class=\"elementor-icon-list-item\">\n\t\t\t\t\t\t\t\t\t\t\t<span class=\"elementor-icon-list-icon\">\n\t\t\t\t\t\t\t<svg xmlns=\"http:\/\/www.w3.org\/2000\/svg\" height=\"512\" viewbox=\"0 0 512 512\" width=\"512\"><g id=\"Layer_2\" data-name=\"Layer 2\"><path d=\"m331.89 66v380h-66.212v-293.514l-34.126 35.492-51.442-32.647 87.064-89.331z\"><\/path><\/g><\/svg>\t\t\t\t\t\t<\/span>\n\t\t\t\t\t\t\t\t\t\t<span class=\"elementor-icon-list-text\"><b>Rejestracja:<\/b><br>Samorz\u0105dy i plac\u00f3wki edukacyjne rejestruj\u0105 si\u0119 online na platformie programu, gdzie maj\u0105 utworzone swoje indywidualne konto zakupowe<\/span>\n\t\t\t\t\t\t\t\t\t<\/li>\n\t\t\t\t\t\t\t\t<li class=\"elementor-icon-list-item\">\n\t\t\t\t\t\t\t\t\t\t\t<span class=\"elementor-icon-list-icon\">\n\t\t\t\t\t\t\t<svg xmlns=\"http:\/\/www.w3.org\/2000\/svg\" height=\"512\" viewbox=\"0 0 512 512\" width=\"512\"><g id=\"Layer_2\" data-name=\"Layer 2\"><path d=\"m226.479 386.435h160.326v64.565h-261.605v-56.977l145.89-147.368c15.337-15.493 33.249-40.714 33.249-62.054 0-32.417-27.178-60.063-58.86-60.063-18.548 0-42.082 18.027-56.6 39.923l-55.968-36.6c26.72-40.692 71.772-66.861 112.568-66.861 68.381 0 125.929 54.51 125.929 123.6 0 41.043-25.187 81.26-52.5 108.765z\"><\/path><\/g><\/svg>\t\t\t\t\t\t<\/span>\n\t\t\t\t\t\t\t\t\t\t<span class=\"elementor-icon-list-text\"><b>Rejestrowanie dzia\u0142a\u0144:<\/b><br>Uczestnicy zg\u0142aszaj\u0105 swoje dzia\u0142ania i wsp\u00f3\u0142prace z przedsi\u0119biorstwem spo\u0142ecznym za pomoc\u0105 prostego formularza okre\u015blonego w regulaminie<\/span>\n\t\t\t\t\t\t\t\t\t<\/li>\n\t\t\t\t\t\t\t\t<li class=\"elementor-icon-list-item\">\n\t\t\t\t\t\t\t\t\t\t\t<span class=\"elementor-icon-list-icon\">\n\t\t\t\t\t\t\t<svg xmlns=\"http:\/\/www.w3.org\/2000\/svg\" height=\"512\" viewbox=\"0 0 512 512\" width=\"512\"><g id=\"Layer_2\" data-name=\"Layer 2\"><path d=\"m309.554 210.54c51.568 16.545 84.231 55.1 84.231 113.729 0 82-72.292 126.731-146.456 126.731-47.5 0-98.9-27.39-129.114-75.057l56.574-35.724c17.847 28.015 47.588 47.241 72.54 47.241 36.324 0 79.388-23.309 79.388-63.191 0-37.308-37.719-59.75-72.177-59.75-1.272 0-6.9.224-8.166.277l-37.533-29.92 85.376-110.076h-158.208v-63.8h245.185v55.263z\"><\/path><\/g><\/svg>\t\t\t\t\t\t<\/span>\n\t\t\t\t\t\t\t\t\t\t<span class=\"elementor-icon-list-text\"><b>Zdobywanie punkt\u00f3w:<\/b><br>Po weryfikacji zg\u0142oszonych i zrealizowanych dzia\u0142a\u0144 punkty s\u0105 przypisywane do konta uczestnika<\/span>\n\t\t\t\t\t\t\t\t\t<\/li>\n\t\t\t\t\t\t\t\t<li class=\"elementor-icon-list-item\">\n\t\t\t\t\t\t\t\t\t\t\t<span class=\"elementor-icon-list-icon\">\n\t\t\t\t\t\t\t<svg xmlns=\"http:\/\/www.w3.org\/2000\/svg\" height=\"512\" viewbox=\"0 0 512 512\" width=\"512\"><g id=\"Layer_2\" data-name=\"Layer 2\"><path d=\"m354.975 321.439v-117.075h-66.212v117.075h-102.376l97.215-255.439h-68.53l-101.146 265.769v53.412h174.837v60.819h66.212v-60.819h43.099v-63.742z\"><\/path><\/g><\/svg>\t\t\t\t\t\t<\/span>\n\t\t\t\t\t\t\t\t\t\t<span class=\"elementor-icon-list-text\"><b>Monitorowanie post\u0119p\u00f3w:<\/b><br>Ka\u017cdy uczestnik ma dost\u0119p do panelu na platformie zakupowej, w kt\u00f3rym widzi osi\u0105gni\u0119te wysoko\u015bci kwot zakupowych i poziom kumulacji punkt\u00f3w z okre\u015blonego przedzia\u0142u czasowego <br><br>Ka\u017cdy podmiot uczestnicz\u0105cy w programie ma r\u00f3wnie\u017c bie\u017c\u0105cy wgl\u0105d w poziom kumulacji punkt\u00f3w zdobywanych wskutek dodatkowych dzia\u0142a\u0144 z poziomu III<br><br>Sta\u0142y monitoring post\u0119p\u00f3w prowadzi przedsi\u0119biorstwo spo\u0142eczne koordynuj\u0105ce program.<\/span>\n\t\t\t\t\t\t\t\t\t<\/li>\n\t\t\t\t\t\t\t\t<li class=\"elementor-icon-list-item\">\n\t\t\t\t\t\t\t\t\t\t\t<span class=\"elementor-icon-list-icon\">\n\t\t\t\t\t\t\t<svg xmlns=\"http:\/\/www.w3.org\/2000\/svg\" height=\"512\" viewbox=\"0 0 512 512\" width=\"512\"><g id=\"Layer_2\" data-name=\"Layer 2\"><path d=\"m393.788 324.269c0 82-72.3 126.731-146.456 126.731-47.518 0-98.873-27.394-129.12-75.054l56.572-35.722c17.853 27.981 47.606 47.236 72.548 47.236 36.318 0 79.387-23.306 79.387-63.191 0-43.563-39.689-58.749-79.481-58.867l-112.213-.331 15.252-204.071h233.486v63.8h-171.242l-5.512 77.081h40.764c73.312-.004 146.015 39.805 146.015 122.388z\"><\/path><\/g><\/svg>\t\t\t\t\t\t<\/span>\n\t\t\t\t\t\t\t\t\t\t<span class=\"elementor-icon-list-text\"><b>Przyznawanie nagr\u00f3d:<\/b><br>Po osi\u0105gni\u0119ciu odpowiedniego poziomu uczestnicy otrzymuj\u0105 stosowne certyfikaty, nagrody i wyr\u00f3\u017cnienia zgodnie z warunkami okre\u015blonymi w regulaminie.<\/span>\n\t\t\t\t\t\t\t\t\t<\/li>\n\t\t\t\t\t\t<\/ul>\n\t\t\t\t\t\t<\/div>\n\t\t\t\t<\/div>\n\t\t\t\t<\/div>\n\t\t\t\t\t<\/div>\n\t\t\t\t<\/div>\n\t\t\t\t<\/div>","protected":false},"excerpt":{"rendered":"<p>Proces uczestnictwa Za\u0142o\u017cenia programu Korzy\u015bci dla uczestnik\u00f3w programu Szczeg\u00f3\u0142y programu Proces uczestnictwa Ewaluacja i rozw\u00f3j programu Komunikacja programu Rejestracja:Samorz\u0105dy i plac\u00f3wki edukacyjne rejestruj\u0105 si\u0119 online na platformie programu, gdzie maj\u0105 utworzone swoje indywidualne konto zakupowe Rejestrowanie dzia\u0142a\u0144:Uczestnicy zg\u0142aszaj\u0105 swoje dzia\u0142ania i wsp\u00f3\u0142prace z przedsi\u0119biorstwem spo\u0142ecznym za pomoc\u0105 prostego formularza okre\u015blonego w regulaminie Zdobywanie punkt\u00f3w:Po weryfikacji [&hellip;]<\/p>","protected":false},"author":1,"featured_media":0,"parent":66,"menu_order":0,"comment_status":"closed","ping_status":"closed","template":"","meta":{"site-sidebar-layout":"no-sidebar","site-content-layout":"","ast-site-content-layout":"full-width-container","site-content-style":"default","site-sidebar-style":"default","ast-global-header-display":"","ast-banner-title-visibility":"","ast-main-header-display":"","ast-hfb-above-header-display":"","ast-hfb-below-header-display":"","ast-hfb-mobile-header-display":"","site-post-title":"disabled","ast-breadcrumbs-content":"","ast-featured-img":"disabled","footer-sml-layout":"","theme-transparent-header-meta":"","adv-header-id-meta":"","stick-header-meta":"","header-above-stick-meta":"","header-main-stick-meta":"","header-below-stick-meta":"","astra-migrate-meta-layouts":"default","ast-page-background-enabled":"default","ast-page-background-meta":{"desktop":{"background-color":"var(--ast-global-color-4)","background-image":"","background-repeat":"repeat","background-position":"center center","background-size":"auto","background-attachment":"scroll","background-type":"","background-media":"","overlay-type":"","overlay-color":"","overlay-opacity":"","overlay-gradient":""},"tablet":{"background-color":"","background-image":"","background-repeat":"repeat","background-position":"center center","background-size":"auto","background-attachment":"scroll","background-type":"","background-media":"","overlay-type":"","overlay-color":"","overlay-opacity":"","overlay-gradient":""},"mobile":{"background-color":"","background-image":"","background-repeat":"repeat","background-position":"center center","background-size":"auto","background-attachment":"scroll","background-type":"","background-media":"","overlay-type":"","overlay-color":"","overlay-opacity":"","overlay-gradient":""}},"ast-content-background-meta":{"desktop":{"background-color":"var(--ast-global-color-5)","background-image":"","background-repeat":"repeat","background-position":"center center","background-size":"auto","background-attachment":"scroll","background-type":"","background-media":"","overlay-type":"","overlay-color":"","overlay-opacity":"","overlay-gradient":""},"tablet":{"background-color":"var(--ast-global-color-5)","background-image":"","background-repeat":"repeat","background-position":"center center","background-size":"auto","background-attachment":"scroll","background-type":"","background-media":"","overlay-type":"","overlay-color":"","overlay-opacity":"","overlay-gradient":""},"mobile":{"background-color":"var(--ast-global-color-5)","background-image":"","background-repeat":"repeat","background-position":"center center","background-size":"auto","background-attachment":"scroll","background-type":"","background-media":"","overlay-type":"","overlay-color":"","overlay-opacity":"","overlay-gradient":""}},"footnotes":""},"class_list":["post-2116","page","type-page","status-publish","hentry"],"_links":{"self":[{"href":"https:\/\/los-odpowiedzialni-spolecznie.pl\/en\/wp-json\/wp\/v2\/pages\/2116","targetHints":{"allow":["GET"]}}],"collection":[{"href":"https:\/\/los-odpowiedzialni-spolecznie.pl\/en\/wp-json\/wp\/v2\/pages"}],"about":[{"href":"https:\/\/los-odpowiedzialni-spolecznie.pl\/en\/wp-json\/wp\/v2\/types\/page"}],"author":[{"embeddable":true,"href":"https:\/\/los-odpowiedzialni-spolecznie.pl\/en\/wp-json\/wp\/v2\/users\/1"}],"replies":[{"embeddable":true,"href":"https:\/\/los-odpowiedzialni-spolecznie.pl\/en\/wp-json\/wp\/v2\/comments?post=2116"}],"version-history":[{"count":0,"href":"https:\/\/los-odpowiedzialni-spolecznie.pl\/en\/wp-json\/wp\/v2\/pages\/2116\/revisions"}],"up":[{"embeddable":true,"href":"https:\/\/los-odpowiedzialni-spolecznie.pl\/en\/wp-json\/wp\/v2\/pages\/66"}],"wp:attachment":[{"href":"https:\/\/los-odpowiedzialni-spolecznie.pl\/en\/wp-json\/wp\/v2\/media?parent=2116"}],"curies":[{"name":"wp","href":"https:\/\/api.w.org\/{rel}","templated":true}]}}