{"id":1953,"date":"2024-12-28T13:01:40","date_gmt":"2024-12-28T12:01:40","guid":{"rendered":"https:\/\/los-odpowiedzialni-spolecznie.pl\/?page_id=1953"},"modified":"2024-12-28T13:01:45","modified_gmt":"2024-12-28T12:01:45","slug":"dostawa-i-koszty","status":"publish","type":"page","link":"https:\/\/los-odpowiedzialni-spolecznie.pl\/en\/dostawa-i-koszty\/","title":{"rendered":"Dostawa i koszty"},"content":{"rendered":"<table>\n<thead>\n<tr>\n<th data-align=\"center\">SPOS\u00d3B DOSTAWY<\/th>\n<th data-align=\"center\">PRZEDP\u0141ATA<br \/>( P\u0141ATNO\u015a\u0106 ONLINE)<\/th>\n<th data-align=\"center\">POBRANIE<\/th>\n<th data-align=\"center\">CZAS DOSTARCZENIA<\/th>\n<\/tr>\n<\/thead>\n<tbody>\n<tr>\n<td data-align=\"center\"><img decoding=\"async\" src=\"https:\/\/narzedzia.biurosmedia.atthost24.pl\/wp-content\/uploads\/2020\/09\/3947daf645e367b76b24ae06ff50bedf.jpg\" alt=\"\" \/><br \/>Paczkomaty<\/td>\n<td data-align=\"center\">16,00 z\u0142<\/td>\n<td data-align=\"center\">\u2013<\/td>\n<td data-align=\"center\">\u00a048h<\/td>\n<\/tr>\n<tr>\n<td data-align=\"center\"><img decoding=\"async\" src=\"https:\/\/narzedzia.biurosmedia.atthost24.pl\/wp-content\/uploads\/2020\/09\/pobrane.png\" alt=\"\" \/><br \/>Kurier Inpost<\/td>\n<td data-align=\"center\">18,00 z\u0142<\/td>\n<td data-align=\"center\">25,00 z\u0142<\/td>\n<td data-align=\"center\">24h<\/td>\n<\/tr>\n<\/tbody>\n<\/table>\n<h5>\u00a0<\/h5>\n<h5><b>Czas realizacji zam\u00f3wienia<\/b><\/h5>\n<p>Natychmiast po z\u0142o\u017ceniu przez Ciebie zam\u00f3wienia otrzymasz e-mail z potwierdzeniem z\u0142o\u017conego zam\u00f3wienia i linkiem, w kt\u00f3ry nale\u017cy klikn\u0105\u0107. Po otrzymaniu akceptacji zam\u00f3wienia rozpoczynamy jego realizacj\u0119, a Ty b\u0119dziesz na bie\u017c\u0105co informowany o post\u0119pie naszych prac.<\/p>\n<p><strong>Termin otrzymania paczki = termin wysy\u0142ki + czas dostawy<\/strong><\/p>\n<p>Termin wysy\u0142ki wynika z\u00a0<strong>dost\u0119pno\u015bci produkt\u00f3w<\/strong>\u00a0i wybranej\u00a0<strong>formy p\u0142atno\u015bci<\/strong>, podczas gdy czas dostawy zale\u017cy od wybranej przez Ciebie\u00a0<strong>formy dostawy<\/strong>.<\/p>\n<h5>\u00a0<\/h5>\n<h5><b>Dost\u0119pno\u015b\u0107 produkt\u00f3w<\/b><\/h5>\n<p>Przy ka\u017cdym produkcie jest podany termin, kt\u00f3ry opisuje, kiedy produkty mog\u0105 zosta\u0107 przez nas wys\u0142ane . Dok\u0142adamy wszelkich stara\u0144, aby oferta prezentowana na stronie odpowiada\u0142a realnym stanom magazynowym, mo\u017ce si\u0119 jednak zdarzy\u0107, \u017ce faktyczny czas dostawy si\u0119 przed\u0142u\u017cy \u2013 poinformujemy o tym niezw\u0142ocznie.<\/p>\n<p>Je\u017celi zamawiasz wi\u0119ksz\u0105 liczb\u0119 produkt\u00f3w, czas wysy\u0142ki ca\u0142ego zam\u00f3wienia jest dopasowany do produktu o najd\u0142u\u017cszym czasie wysy\u0142ki.\u00a0Mo\u017cna zrealizowa\u0107 zam\u00f3wienie etapami \u2013 w tym celu skontaktuj si\u0119 z nami lub wpisz odpowiedni\u0105 adnotacj\u0119 w uwagach do zam\u00f3wienia.<\/p>\n<h5>\u00a0<\/h5>\n<h5><b>Forma p\u0142atno\u015bci<\/b><\/h5>\n<p><strong>P\u0142atno\u015b\u0107 elektroniczna<\/strong>\u00a0\u2013 najbardziej wygodny i bardzo szybki spos\u00f3b realizacji zam\u00f3wienia. W godzinach roboczych \u015brodki na nasze konto\u00a0zostan\u0105 przelane zazwyczaj natychmiastowo.<\/p>\n<p><strong>P\u0142atno\u015b\u0107 przelewem<\/strong>\u00a0\u2013 czas realizacji zam\u00f3wienia jest uzale\u017cniony od momentu zaksi\u0119gowania wp\u0142aty. W zale\u017cno\u015bci od banku standardowo trwa to do dw\u00f3ch dni roboczych.<\/p>\n<p><strong>P\u0142atno\u015b\u0107 przy odbiorze<\/strong>\u00a0\u2013 najszybsza forma p\u0142atno\u015bci, umo\u017cliwiaj\u0105ca natychmiastow\u0105 realizacj\u0119 zam\u00f3wienia. Nale\u017cy pami\u0119ta\u0107, \u017ce jest ona r\u00f3wnie\u017c obci\u0105\u017cona dodatkowymi kosztami dostawy.<\/p>\n<h5>\u00a0<\/h5>\n<h5><b>Forma dostawy<\/b><\/h5>\n<p>Firma kurierska umo\u017cliwia dostarczenie zam\u00f3wienia zazwyczaj w 1-2 dni robocze od nadania.<\/p>","protected":false},"excerpt":{"rendered":"<p>SPOS\u00d3B DOSTAWY PRZEDP\u0141ATA( P\u0141ATNO\u015a\u0106 ONLINE) POBRANIE CZAS DOSTARCZENIA Paczkomaty 16,00 z\u0142 \u2013 \u00a048h Kurier Inpost 18,00 z\u0142 25,00 z\u0142 24h \u00a0 Czas realizacji zam\u00f3wienia Natychmiast po z\u0142o\u017ceniu przez Ciebie zam\u00f3wienia otrzymasz e-mail z potwierdzeniem z\u0142o\u017conego zam\u00f3wienia i linkiem, w kt\u00f3ry nale\u017cy klikn\u0105\u0107. Po otrzymaniu akceptacji zam\u00f3wienia rozpoczynamy jego realizacj\u0119, a Ty b\u0119dziesz na bie\u017c\u0105co informowany [&hellip;]<\/p>","protected":false},"author":1,"featured_media":0,"parent":0,"menu_order":0,"comment_status":"closed","ping_status":"closed","template":"","meta":{"site-sidebar-layout":"default","site-content-layout":"","ast-site-content-layout":"","site-content-style":"default","site-sidebar-style":"default","ast-global-header-display":"","ast-banner-title-visibility":"","ast-main-header-display":"","ast-hfb-above-header-display":"","ast-hfb-below-header-display":"","ast-hfb-mobile-header-display":"","site-post-title":"","ast-breadcrumbs-content":"","ast-featured-img":"","footer-sml-layout":"","theme-transparent-header-meta":"","adv-header-id-meta":"","stick-header-meta":"","header-above-stick-meta":"","header-main-stick-meta":"","header-below-stick-meta":"","astra-migrate-meta-layouts":"default","ast-page-background-enabled":"default","ast-page-background-meta":{"desktop":{"background-color":"var(--ast-global-color-4)","background-image":"","background-repeat":"repeat","background-position":"center center","background-size":"auto","background-attachment":"scroll","background-type":"","background-media":"","overlay-type":"","overlay-color":"","overlay-opacity":"","overlay-gradient":""},"tablet":{"background-color":"","background-image":"","background-repeat":"repeat","background-position":"center center","background-size":"auto","background-attachment":"scroll","background-type":"","background-media":"","overlay-type":"","overlay-color":"","overlay-opacity":"","overlay-gradient":""},"mobile":{"background-color":"","background-image":"","background-repeat":"repeat","background-position":"center center","background-size":"auto","background-attachment":"scroll","background-type":"","background-media":"","overlay-type":"","overlay-color":"","overlay-opacity":"","overlay-gradient":""}},"ast-content-background-meta":{"desktop":{"background-color":"var(--ast-global-color-5)","background-image":"","background-repeat":"repeat","background-position":"center center","background-size":"auto","background-attachment":"scroll","background-type":"","background-media":"","overlay-type":"","overlay-color":"","overlay-opacity":"","overlay-gradient":""},"tablet":{"background-color":"var(--ast-global-color-5)","background-image":"","background-repeat":"repeat","background-position":"center center","background-size":"auto","background-attachment":"scroll","background-type":"","background-media":"","overlay-type":"","overlay-color":"","overlay-opacity":"","overlay-gradient":""},"mobile":{"background-color":"var(--ast-global-color-5)","background-image":"","background-repeat":"repeat","background-position":"center center","background-size":"auto","background-attachment":"scroll","background-type":"","background-media":"","overlay-type":"","overlay-color":"","overlay-opacity":"","overlay-gradient":""}},"footnotes":""},"class_list":["post-1953","page","type-page","status-publish","hentry"],"_links":{"self":[{"href":"https:\/\/los-odpowiedzialni-spolecznie.pl\/en\/wp-json\/wp\/v2\/pages\/1953","targetHints":{"allow":["GET"]}}],"collection":[{"href":"https:\/\/los-odpowiedzialni-spolecznie.pl\/en\/wp-json\/wp\/v2\/pages"}],"about":[{"href":"https:\/\/los-odpowiedzialni-spolecznie.pl\/en\/wp-json\/wp\/v2\/types\/page"}],"author":[{"embeddable":true,"href":"https:\/\/los-odpowiedzialni-spolecznie.pl\/en\/wp-json\/wp\/v2\/users\/1"}],"replies":[{"embeddable":true,"href":"https:\/\/los-odpowiedzialni-spolecznie.pl\/en\/wp-json\/wp\/v2\/comments?post=1953"}],"version-history":[{"count":0,"href":"https:\/\/los-odpowiedzialni-spolecznie.pl\/en\/wp-json\/wp\/v2\/pages\/1953\/revisions"}],"wp:attachment":[{"href":"https:\/\/los-odpowiedzialni-spolecznie.pl\/en\/wp-json\/wp\/v2\/media?parent=1953"}],"curies":[{"name":"wp","href":"https:\/\/api.w.org\/{rel}","templated":true}]}}