{"id":1726,"date":"2024-12-27T09:50:56","date_gmt":"2024-12-27T08:50:56","guid":{"rendered":"https:\/\/los-odpowiedzialni-spolecznie.pl\/?page_id=1726"},"modified":"2024-12-28T12:54:55","modified_gmt":"2024-12-28T11:54:55","slug":"zwroty-i-reklamacje-2","status":"publish","type":"page","link":"https:\/\/los-odpowiedzialni-spolecznie.pl\/en\/zwroty-i-reklamacje-2\/","title":{"rendered":"Zwroty i reklamacje"},"content":{"rendered":"<p>Masz mo\u017cliwo\u015b\u0107 zrezygnowania z umowy, wystarczy, \u017ce z\u0142o\u017cysz o\u015bwiadczenie o rezygnacji za po\u015brednictwem naszego formularza kontaktowego poni\u017cej lub wy\u015blesz je na adres e-mail:\u00a0<a href=\"mailto:sklep@los-odpowiedzialni-spolecznie.pl\">sklep@los-odpowiedzialni-spolecznie.pl<\/a>. Oczywi\u015bcie, mo\u017cesz tak\u017ce skontaktowa\u0107 si\u0119 z nami telefonicznie pod numerem +48 513 579 697.<\/p><p>Masz pe\u0142ne 14 dni od daty z\u0142o\u017cenia zam\u00f3wienia, by podj\u0105\u0107 decyzj\u0119 o zwrocie, bez konieczno\u015bci podawania przyczyny. Przy rezygnacji z zam\u00f3wienia nie zostan\u0105 naliczone dodatkowe koszty zwi\u0105zane z dostaw\u0105 zwrotn\u0105.<\/p><p>Aby zwr\u00f3ci\u0107 zakupiony towar, musisz dostarczy\u0107 go do naszego punktu zwrotu niezw\u0142ocznie, jednak nie p\u00f3\u017aniej ni\u017c 14 dni od daty odst\u0105pienia od umowy.<\/p><p>Wszelkie wp\u0142aty dokonane przez Ciebie, w tym koszty dostawy, zostan\u0105 zwr\u00f3cone w ci\u0105gu 14 dni od momentu otrzymania od Ciebie o\u015bwiadczenia o rezygnacji, zgodnie z warunkami opisanymi w regulaminie.<\/p><p><strong>Warto pami\u0119ta\u0107, \u017ce prawo do rezygnacji od umowy zawartej na odleg\u0142o\u015b\u0107 nie obowi\u0105zuje w pewnych przypadkach, m.in. w odniesieniu do um\u00f3w dotycz\u0105cych:<\/strong><\/p><ol class=\"wp-block-list\"><li>Produkt\u00f3w, kt\u00f3re mog\u0105 szybko ulec zepsuciu lub maj\u0105 kr\u00f3tki okres przydatno\u015bci, w tym produkt\u00f3w obj\u0119tych wyprzeda\u017c\u0105.<\/li>\n\n<li>Produkt\u00f3w dostarczanych w opakowaniach zapiecz\u0119towanych, kt\u00f3rych otwarcie uniemo\u017cliwia zwrot ze wzgl\u0119du na zdrowie lub higien\u0119, je\u015bli opakowanie zosta\u0142o otwarte po dostarczeniu.<\/li>\n\n<li>Um\u00f3w, kt\u00f3rych cena lub wynagrodzenie zale\u017cy od waha\u0144 na rynku finansowym, nad kt\u00f3rymi sprzedawca nie ma kontroli i kt\u00f3re mog\u0105 wyst\u0105pi\u0107 przed up\u0142ywem terminu do rezygnacji.<\/li>\n\n<li>Produkt\u00f3w niestandardowych, wyprodukowanych wed\u0142ug Twoich specyfikacji lub dostosowanych do Twoich indywidualnych potrzeb.<\/li>\n\n<li>Produkt\u00f3w, kt\u00f3re po dostarczeniu staj\u0105 si\u0119 nieroz\u0142\u0105czn\u0105 cz\u0119\u015bci\u0105 innych produkt\u00f3w ze wzgl\u0119du na ich charakter.<\/li>\n\n<li>Nagrania d\u017awi\u0119kowe, wizualne lub oprogramowanie komputerowe dostarczane w zapiecz\u0119towanych opakowaniach, o ile opakowanie zosta\u0142o otwarte po dostarczeniu.<\/li>\n\n<li>Dostarczania tre\u015bci cyfrowych, kt\u00f3re nie s\u0105 przechowywane na fizycznym no\u015bniku, je\u015bli spe\u0142nianie \u015bwiadczenia rozpocz\u0119\u0142o si\u0119 za wyra\u017an\u0105 zgod\u0105 Konsumenta przed up\u0142ywem terminu do rezygnacji i po poinformowaniu go przez przedsi\u0119biorc\u0119 o utracie prawa do rezygnacji od umowy.<\/li><\/ol><p>Pe\u0142ne informacje dotycz\u0105ce prawa do rezygnacji od umowy znajdziesz w naszym regulaminie.<\/p><p>Je\u015bli masz jakiekolwiek problemy z zam\u00f3wieniem, takie jak b\u0142\u0105d w ilo\u015bci produkt\u00f3w, wadliwe dostarczone produkty lub inne niezadowolenie z zakupionych towar\u00f3w, skontaktuj si\u0119 z nami za pomoc\u0105 formularza kontaktowego poni\u017cej lub zadzwo\u0144.<\/p><p>Wszelkie reklamacje zwi\u0105zane z zam\u00f3wieniem zostan\u0105 rozpatrzone w ci\u0105gu 7 dni.<\/p>","protected":false},"excerpt":{"rendered":"<p>Masz mo\u017cliwo\u015b\u0107 zrezygnowania z umowy, wystarczy, \u017ce z\u0142o\u017cysz o\u015bwiadczenie o rezygnacji za po\u015brednictwem naszego formularza kontaktowego poni\u017cej lub wy\u015blesz je na adres e-mail:\u00a0sklep@los-odpowiedzialni-spolecznie.pl. Oczywi\u015bcie, mo\u017cesz tak\u017ce skontaktowa\u0107 si\u0119 z nami telefonicznie pod numerem +48 513 579 697. Masz pe\u0142ne 14 dni od daty z\u0142o\u017cenia zam\u00f3wienia, by podj\u0105\u0107 decyzj\u0119 o zwrocie, bez konieczno\u015bci podawania przyczyny. Przy [&hellip;]<\/p>","protected":false},"author":1,"featured_media":0,"parent":0,"menu_order":0,"comment_status":"closed","ping_status":"closed","template":"","meta":{"site-sidebar-layout":"default","site-content-layout":"","ast-site-content-layout":"","site-content-style":"default","site-sidebar-style":"default","ast-global-header-display":"","ast-banner-title-visibility":"","ast-main-header-display":"","ast-hfb-above-header-display":"","ast-hfb-below-header-display":"","ast-hfb-mobile-header-display":"","site-post-title":"","ast-breadcrumbs-content":"","ast-featured-img":"","footer-sml-layout":"","theme-transparent-header-meta":"","adv-header-id-meta":"","stick-header-meta":"","header-above-stick-meta":"","header-main-stick-meta":"","header-below-stick-meta":"","astra-migrate-meta-layouts":"default","ast-page-background-enabled":"default","ast-page-background-meta":{"desktop":{"background-color":"var(--ast-global-color-4)","background-image":"","background-repeat":"repeat","background-position":"center center","background-size":"auto","background-attachment":"scroll","background-type":"","background-media":"","overlay-type":"","overlay-color":"","overlay-opacity":"","overlay-gradient":""},"tablet":{"background-color":"","background-image":"","background-repeat":"repeat","background-position":"center center","background-size":"auto","background-attachment":"scroll","background-type":"","background-media":"","overlay-type":"","overlay-color":"","overlay-opacity":"","overlay-gradient":""},"mobile":{"background-color":"","background-image":"","background-repeat":"repeat","background-position":"center center","background-size":"auto","background-attachment":"scroll","background-type":"","background-media":"","overlay-type":"","overlay-color":"","overlay-opacity":"","overlay-gradient":""}},"ast-content-background-meta":{"desktop":{"background-color":"var(--ast-global-color-5)","background-image":"","background-repeat":"repeat","background-position":"center center","background-size":"auto","background-attachment":"scroll","background-type":"","background-media":"","overlay-type":"","overlay-color":"","overlay-opacity":"","overlay-gradient":""},"tablet":{"background-color":"var(--ast-global-color-5)","background-image":"","background-repeat":"repeat","background-position":"center center","background-size":"auto","background-attachment":"scroll","background-type":"","background-media":"","overlay-type":"","overlay-color":"","overlay-opacity":"","overlay-gradient":""},"mobile":{"background-color":"var(--ast-global-color-5)","background-image":"","background-repeat":"repeat","background-position":"center center","background-size":"auto","background-attachment":"scroll","background-type":"","background-media":"","overlay-type":"","overlay-color":"","overlay-opacity":"","overlay-gradient":""}},"footnotes":""},"class_list":["post-1726","page","type-page","status-publish","hentry"],"_links":{"self":[{"href":"https:\/\/los-odpowiedzialni-spolecznie.pl\/en\/wp-json\/wp\/v2\/pages\/1726","targetHints":{"allow":["GET"]}}],"collection":[{"href":"https:\/\/los-odpowiedzialni-spolecznie.pl\/en\/wp-json\/wp\/v2\/pages"}],"about":[{"href":"https:\/\/los-odpowiedzialni-spolecznie.pl\/en\/wp-json\/wp\/v2\/types\/page"}],"author":[{"embeddable":true,"href":"https:\/\/los-odpowiedzialni-spolecznie.pl\/en\/wp-json\/wp\/v2\/users\/1"}],"replies":[{"embeddable":true,"href":"https:\/\/los-odpowiedzialni-spolecznie.pl\/en\/wp-json\/wp\/v2\/comments?post=1726"}],"version-history":[{"count":0,"href":"https:\/\/los-odpowiedzialni-spolecznie.pl\/en\/wp-json\/wp\/v2\/pages\/1726\/revisions"}],"wp:attachment":[{"href":"https:\/\/los-odpowiedzialni-spolecznie.pl\/en\/wp-json\/wp\/v2\/media?parent=1726"}],"curies":[{"name":"wp","href":"https:\/\/api.w.org\/{rel}","templated":true}]}}